{"id":747,"date":"2023-06-14T12:26:37","date_gmt":"2023-06-14T15:26:37","guid":{"rendered":"https:\/\/acisynergy.com\/?page_id=747"},"modified":"2023-06-24T13:36:09","modified_gmt":"2023-06-24T16:36:09","slug":"certificaciones-aci-synerg","status":"publish","type":"page","link":"https:\/\/acisynergy.com\/?page_id=747","title":{"rendered":"Certificaciones"},"content":{"rendered":"\t\t<div data-elementor-type=\"wp-page\" data-elementor-id=\"747\" class=\"elementor elementor-747\">\n\t\t\t\t\t\t\t\t\t<section class=\"elementor-section elementor-top-section elementor-element elementor-element-1a89f202 elementor-section-boxed elementor-section-height-default elementor-section-height-default\" data-id=\"1a89f202\" data-element_type=\"section\" data-settings=\"{&quot;background_background&quot;:&quot;classic&quot;}\">\n\t\t\t\t\t\t\t<div class=\"elementor-background-overlay\"><\/div>\n\t\t\t\t\t\t\t<div class=\"elementor-container elementor-column-gap-default\">\n\t\t\t\t\t<div class=\"elementor-column elementor-col-100 elementor-top-column elementor-element elementor-element-4812acac\" data-id=\"4812acac\" data-element_type=\"column\">\n\t\t\t<div class=\"elementor-widget-wrap elementor-element-populated\">\n\t\t\t\t\t\t\t\t<div class=\"elementor-element elementor-element-616518ff elementor-widget elementor-widget-heading\" data-id=\"616518ff\" data-element_type=\"widget\" data-widget_type=\"heading.default\">\n\t\t\t\t<div class=\"elementor-widget-container\">\n\t\t\t<style>\/*! elementor - v3.14.0 - 18-06-2023 *\/\n.elementor-heading-title{padding:0;margin:0;line-height:1}.elementor-widget-heading .elementor-heading-title[class*=elementor-size-]>a{color:inherit;font-size:inherit;line-height:inherit}.elementor-widget-heading .elementor-heading-title.elementor-size-small{font-size:15px}.elementor-widget-heading .elementor-heading-title.elementor-size-medium{font-size:19px}.elementor-widget-heading .elementor-heading-title.elementor-size-large{font-size:29px}.elementor-widget-heading .elementor-heading-title.elementor-size-xl{font-size:39px}.elementor-widget-heading .elementor-heading-title.elementor-size-xxl{font-size:59px}<\/style><h1 class=\"elementor-heading-title elementor-size-default\">Certificaci\u00f3n<\/h1>\t\t<\/div>\n\t\t\t\t<\/div>\n\t\t\t\t\t<\/div>\n\t\t<\/div>\n\t\t\t\t\t\t\t<\/div>\n\t\t<\/section>\n\t\t\t\t<section class=\"elementor-section elementor-top-section elementor-element elementor-element-5c6ac73 elementor-section-boxed elementor-section-height-default elementor-section-height-default\" data-id=\"5c6ac73\" data-element_type=\"section\">\n\t\t\t\t\t\t<div class=\"elementor-container elementor-column-gap-default\">\n\t\t\t\t\t<div class=\"elementor-column elementor-col-100 elementor-top-column elementor-element elementor-element-1c29d25\" data-id=\"1c29d25\" data-element_type=\"column\">\n\t\t\t<div class=\"elementor-widget-wrap elementor-element-populated\">\n\t\t\t\t\t\t\t\t<div class=\"elementor-element elementor-element-e7009d2 elementor-invisible elementor-widget elementor-widget-heading\" data-id=\"e7009d2\" data-element_type=\"widget\" data-settings=\"{&quot;_animation&quot;:&quot;fadeInLeft&quot;}\" data-widget_type=\"heading.default\">\n\t\t\t\t<div class=\"elementor-widget-container\">\n\t\t\t<h3 class=\"elementor-heading-title elementor-size-default\">Cerificaciones<\/h3>\t\t<\/div>\n\t\t\t\t<\/div>\n\t\t\t\t<div class=\"elementor-element elementor-element-251eadb elementor-widget-divider--view-line elementor-invisible elementor-widget elementor-widget-divider\" data-id=\"251eadb\" data-element_type=\"widget\" data-settings=\"{&quot;_animation&quot;:&quot;slideInLeft&quot;}\" data-widget_type=\"divider.default\">\n\t\t\t\t<div class=\"elementor-widget-container\">\n\t\t\t<style>\/*! elementor - v3.14.0 - 18-06-2023 *\/\n.elementor-widget-divider{--divider-border-style:none;--divider-border-width:1px;--divider-color:#0c0d0e;--divider-icon-size:20px;--divider-element-spacing:10px;--divider-pattern-height:24px;--divider-pattern-size:20px;--divider-pattern-url:none;--divider-pattern-repeat:repeat-x}.elementor-widget-divider .elementor-divider{display:flex}.elementor-widget-divider .elementor-divider__text{font-size:15px;line-height:1;max-width:95%}.elementor-widget-divider .elementor-divider__element{margin:0 var(--divider-element-spacing);flex-shrink:0}.elementor-widget-divider .elementor-icon{font-size:var(--divider-icon-size)}.elementor-widget-divider .elementor-divider-separator{display:flex;margin:0;direction:ltr}.elementor-widget-divider--view-line_icon .elementor-divider-separator,.elementor-widget-divider--view-line_text .elementor-divider-separator{align-items:center}.elementor-widget-divider--view-line_icon .elementor-divider-separator:after,.elementor-widget-divider--view-line_icon .elementor-divider-separator:before,.elementor-widget-divider--view-line_text .elementor-divider-separator:after,.elementor-widget-divider--view-line_text .elementor-divider-separator:before{display:block;content:\"\";border-bottom:0;flex-grow:1;border-top:var(--divider-border-width) var(--divider-border-style) var(--divider-color)}.elementor-widget-divider--element-align-left .elementor-divider .elementor-divider-separator>.elementor-divider__svg:first-of-type{flex-grow:0;flex-shrink:100}.elementor-widget-divider--element-align-left .elementor-divider-separator:before{content:none}.elementor-widget-divider--element-align-left .elementor-divider__element{margin-left:0}.elementor-widget-divider--element-align-right .elementor-divider .elementor-divider-separator>.elementor-divider__svg:last-of-type{flex-grow:0;flex-shrink:100}.elementor-widget-divider--element-align-right .elementor-divider-separator:after{content:none}.elementor-widget-divider--element-align-right .elementor-divider__element{margin-right:0}.elementor-widget-divider:not(.elementor-widget-divider--view-line_text):not(.elementor-widget-divider--view-line_icon) .elementor-divider-separator{border-top:var(--divider-border-width) var(--divider-border-style) var(--divider-color)}.elementor-widget-divider--separator-type-pattern{--divider-border-style:none}.elementor-widget-divider--separator-type-pattern.elementor-widget-divider--view-line .elementor-divider-separator,.elementor-widget-divider--separator-type-pattern:not(.elementor-widget-divider--view-line) .elementor-divider-separator:after,.elementor-widget-divider--separator-type-pattern:not(.elementor-widget-divider--view-line) .elementor-divider-separator:before,.elementor-widget-divider--separator-type-pattern:not([class*=elementor-widget-divider--view]) .elementor-divider-separator{width:100%;min-height:var(--divider-pattern-height);-webkit-mask-size:var(--divider-pattern-size) 100%;mask-size:var(--divider-pattern-size) 100%;-webkit-mask-repeat:var(--divider-pattern-repeat);mask-repeat:var(--divider-pattern-repeat);background-color:var(--divider-color);-webkit-mask-image:var(--divider-pattern-url);mask-image:var(--divider-pattern-url)}.elementor-widget-divider--no-spacing{--divider-pattern-size:auto}.elementor-widget-divider--bg-round{--divider-pattern-repeat:round}.rtl .elementor-widget-divider .elementor-divider__text{direction:rtl}.e-con-inner>.elementor-widget-divider,.e-con>.elementor-widget-divider{width:var(--container-widget-width,100%);--flex-grow:var(--container-widget-flex-grow)}<\/style>\t\t<div class=\"elementor-divider\">\n\t\t\t<span class=\"elementor-divider-separator\">\n\t\t\t\t\t\t<\/span>\n\t\t<\/div>\n\t\t\t\t<\/div>\n\t\t\t\t<\/div>\n\t\t\t\t<div class=\"elementor-element elementor-element-6436ad4 elementor-invisible elementor-widget elementor-widget-text-editor\" data-id=\"6436ad4\" data-element_type=\"widget\" data-settings=\"{&quot;_animation&quot;:&quot;fadeInRight&quot;}\" data-widget_type=\"text-editor.default\">\n\t\t\t\t<div class=\"elementor-widget-container\">\n\t\t\t<style>\/*! elementor - v3.14.0 - 18-06-2023 *\/\n.elementor-widget-text-editor.elementor-drop-cap-view-stacked .elementor-drop-cap{background-color:#69727d;color:#fff}.elementor-widget-text-editor.elementor-drop-cap-view-framed .elementor-drop-cap{color:#69727d;border:3px solid;background-color:transparent}.elementor-widget-text-editor:not(.elementor-drop-cap-view-default) .elementor-drop-cap{margin-top:8px}.elementor-widget-text-editor:not(.elementor-drop-cap-view-default) .elementor-drop-cap-letter{width:1em;height:1em}.elementor-widget-text-editor .elementor-drop-cap{float:left;text-align:center;line-height:1;font-size:50px}.elementor-widget-text-editor .elementor-drop-cap-letter{display:inline-block}<\/style>\t\t\t\t<p>Agregamos valor en las organizaciones en los procesos de dise\u00f1o, implementaci\u00f3n y<br \/>certificaci\u00f3n de Sistemas de Gesti\u00f3n basado en requerimientos de los est\u00e1ndares<br \/>internacionales.<\/p>\t\t\t\t\t\t<\/div>\n\t\t\t\t<\/div>\n\t\t\t\t\t<\/div>\n\t\t<\/div>\n\t\t\t\t\t\t\t<\/div>\n\t\t<\/section>\n\t\t\t\t<section class=\"elementor-section elementor-top-section elementor-element elementor-element-5ea7a98 elementor-section-boxed elementor-section-height-default elementor-section-height-default\" data-id=\"5ea7a98\" data-element_type=\"section\">\n\t\t\t\t\t\t<div class=\"elementor-container elementor-column-gap-default\">\n\t\t\t\t\t<div class=\"elementor-column elementor-col-50 elementor-top-column elementor-element elementor-element-9b02bcd\" data-id=\"9b02bcd\" data-element_type=\"column\">\n\t\t\t<div class=\"elementor-widget-wrap elementor-element-populated\">\n\t\t\t\t\t\t\t\t<div class=\"elementor-element elementor-element-83b2808 elementor-invisible elementor-widget elementor-widget-heading\" data-id=\"83b2808\" data-element_type=\"widget\" data-settings=\"{&quot;_animation&quot;:&quot;slideInLeft&quot;}\" data-widget_type=\"heading.default\">\n\t\t\t\t<div class=\"elementor-widget-container\">\n\t\t\t<h2 class=\"elementor-heading-title elementor-size-default\">SOLCITAR M\u00c1S INFORMACI\u00d3N<\/h2>\t\t<\/div>\n\t\t\t\t<\/div>\n\t\t\t\t<div class=\"elementor-element elementor-element-d1296f9 elementor-invisible elementor-widget elementor-widget-text-editor\" data-id=\"d1296f9\" data-element_type=\"widget\" data-settings=\"{&quot;_animation&quot;:&quot;fadeInRight&quot;}\" data-widget_type=\"text-editor.default\">\n\t\t\t\t<div class=\"elementor-widget-container\">\n\t\t\t\t\t\t\t<p>Te invitamos a completar el formulario y en poco tiempo nos pondremos en contacto contigo a trav\u00e9s de los medios de comunicaci\u00f3n que has indicado.<\/p>\t\t\t\t\t\t<\/div>\n\t\t\t\t<\/div>\n\t\t\t\t\t<\/div>\n\t\t<\/div>\n\t\t\t\t<div class=\"elementor-column elementor-col-50 elementor-top-column elementor-element elementor-element-013e5aa\" data-id=\"013e5aa\" data-element_type=\"column\">\n\t\t\t<div class=\"elementor-widget-wrap elementor-element-populated\">\n\t\t\t\t\t\t\t\t<div class=\"elementor-element elementor-element-a9879af elementor-invisible elementor-widget elementor-widget-wpforms\" data-id=\"a9879af\" data-element_type=\"widget\" data-settings=\"{&quot;_animation&quot;:&quot;fadeIn&quot;}\" data-widget_type=\"wpforms.default\">\n\t\t\t\t<div class=\"elementor-widget-container\">\n\t\t\t<div class=\"wpforms-container \" id=\"wpforms-9\"><form id=\"wpforms-form-9\" class=\"wpforms-validate wpforms-form wpforms-ajax-form\" data-formid=\"9\" method=\"post\" enctype=\"multipart\/form-data\" action=\"\/index.php?rest_route=%2Fwp%2Fv2%2Fpages%2F747\" data-token=\"c50b2e03a8457729c4d79455d5518458\"><noscript class=\"wpforms-error-noscript\">Please enable JavaScript in your browser to complete this form.<\/noscript><div class=\"wpforms-field-container\"><div id=\"wpforms-9-field_0-container\" class=\"wpforms-field wpforms-field-name\" data-field-id=\"0\"><label class=\"wpforms-field-label wpforms-label-hide\" for=\"wpforms-9-field_0\">Nombre <span class=\"wpforms-required-label\">*<\/span><\/label><input type=\"text\" id=\"wpforms-9-field_0\" class=\"wpforms-field-large wpforms-field-required\" name=\"wpforms[fields][0]\" placeholder=\"Nombre\" required><\/div><div id=\"wpforms-9-field_1-container\" class=\"wpforms-field wpforms-field-email\" data-field-id=\"1\"><label class=\"wpforms-field-label wpforms-label-hide\" for=\"wpforms-9-field_1\">Email <span class=\"wpforms-required-label\">*<\/span><\/label><input type=\"email\" id=\"wpforms-9-field_1\" class=\"wpforms-field-large wpforms-field-required\" name=\"wpforms[fields][1]\" placeholder=\"Email\" spellcheck=\"false\" required><\/div><div id=\"wpforms-9-field_3-container\" class=\"wpforms-field wpforms-field-text\" data-field-id=\"3\"><label class=\"wpforms-field-label wpforms-label-hide\" for=\"wpforms-9-field_3\">Entidad <span class=\"wpforms-required-label\">*<\/span><\/label><input type=\"text\" id=\"wpforms-9-field_3\" class=\"wpforms-field-large wpforms-field-required\" name=\"wpforms[fields][3]\" placeholder=\"Entidad\" required><\/div><div id=\"wpforms-9-field_2-container\" class=\"wpforms-field wpforms-field-textarea\" data-field-id=\"2\"><label class=\"wpforms-field-label wpforms-label-hide\" for=\"wpforms-9-field_2\">Mensaje <span class=\"wpforms-required-label\">*<\/span><\/label><textarea id=\"wpforms-9-field_2\" class=\"wpforms-field-medium wpforms-field-required\" name=\"wpforms[fields][2]\" placeholder=\"Mensaje\" required><\/textarea><\/div><\/div><!-- .wpforms-field-container --><div class=\"wpforms-field wpforms-field-hp\"><label for=\"wpforms-9-field-hp\" class=\"wpforms-field-label\">Message<\/label><input type=\"text\" name=\"wpforms[hp]\" id=\"wpforms-9-field-hp\" class=\"wpforms-field-medium\"><\/div><div class=\"wpforms-recaptcha-container wpforms-is-recaptcha\" ><div class=\"g-recaptcha\" data-sitekey=\"6LfRu7kmAAAAAHDx4lz69ZqRRFfY6ArhGLl6OQAP\"><\/div><input type=\"text\" name=\"g-recaptcha-hidden\" class=\"wpforms-recaptcha-hidden\" style=\"position:absolute!important;clip:rect(0,0,0,0)!important;height:1px!important;width:1px!important;border:0!important;overflow:hidden!important;padding:0!important;margin:0!important;\" data-rule-recaptcha=\"1\"><\/div><div class=\"wpforms-submit-container\" ><input type=\"hidden\" name=\"wpforms[id]\" value=\"9\"><input type=\"hidden\" name=\"wpforms[author]\" value=\"1\"><button type=\"submit\" name=\"wpforms[submit]\" id=\"wpforms-submit-9\" class=\"wpforms-submit\" data-alt-text=\"Enviando...\" data-submit-text=\"Enviar\" aria-live=\"assertive\" value=\"wpforms-submit\">Enviar<\/button><img decoding=\"async\" loading=\"lazy\" src=\"https:\/\/acisynergy.com\/wp-content\/plugins\/wpforms-lite\/assets\/images\/submit-spin.svg\" class=\"wpforms-submit-spinner\" style=\"display: none;\" width=\"26\" height=\"26\" alt=\"Loading\"><\/div><\/form><\/div>  <!-- .wpforms-container -->\t\t<\/div>\n\t\t\t\t<\/div>\n\t\t\t\t\t<\/div>\n\t\t<\/div>\n\t\t\t\t\t\t\t<\/div>\n\t\t<\/section>\n\t\t\t\t\t\t\t<\/div>\n\t\t","protected":false},"excerpt":{"rendered":"<p>Certificaci\u00f3n Cerificaciones Agregamos valor en las organizaciones en los procesos de dise\u00f1o, implementaci\u00f3n y certificaci\u00f3n de Sistemas de Gesti\u00f3n basado en requerimientos de los est\u00e1ndares internacionales. SOLCITAR M\u00c1S INFORMACI\u00d3N Te invitamos a completar el formulario y en poco tiempo nos pondremos en contacto contigo a trav\u00e9s de los medios de comunicaci\u00f3n que has indicado.<\/p>\n","protected":false},"author":1,"featured_media":0,"parent":0,"menu_order":0,"comment_status":"closed","ping_status":"closed","template":"","meta":{"_uag_custom_page_level_css":"","site-sidebar-layout":"no-sidebar","site-content-layout":"page-builder","ast-global-header-display":"","ast-banner-title-visibility":"","ast-main-header-display":"","ast-hfb-above-header-display":"","ast-hfb-below-header-display":"","ast-hfb-mobile-header-display":"","site-post-title":"disabled","ast-breadcrumbs-content":"","ast-featured-img":"disabled","footer-sml-layout":"","theme-transparent-header-meta":"","adv-header-id-meta":"","stick-header-meta":"","header-above-stick-meta":"","header-main-stick-meta":"","header-below-stick-meta":""},"yoast_head":"<!-- This site is optimized with the Yoast SEO plugin v20.9 - https:\/\/yoast.com\/wordpress\/plugins\/seo\/ -->\n<title>Certificaciones - Aci Synergy<\/title>\n<meta name=\"description\" content=\"Certificaciones : Agregamos valor en las organizaciones en los procesos de dise\u00f1o, implementaci\u00f3n y certificaci\u00f3n de Sistemas de Gesti\u00f3n.\" \/>\n<meta name=\"robots\" content=\"index, follow, max-snippet:-1, max-image-preview:large, max-video-preview:-1\" \/>\n<link rel=\"canonical\" href=\"https:\/\/acisynergy.com\/?page_id=747\" \/>\n<meta property=\"og:locale\" content=\"es_ES\" \/>\n<meta property=\"og:type\" content=\"article\" \/>\n<meta property=\"og:title\" content=\"Certificaciones - Aci Synergy\" \/>\n<meta property=\"og:description\" content=\"Certificaciones : Agregamos valor en las organizaciones en los procesos de dise\u00f1o, implementaci\u00f3n y certificaci\u00f3n de Sistemas de Gesti\u00f3n.\" \/>\n<meta property=\"og:url\" content=\"https:\/\/acisynergy.com\/?page_id=747\" \/>\n<meta property=\"og:site_name\" content=\"acisynergy.com\" \/>\n<meta property=\"article:modified_time\" content=\"2023-06-24T16:36:09+00:00\" \/>\n<meta name=\"twitter:card\" content=\"summary_large_image\" \/>\n<meta name=\"twitter:label1\" content=\"Tiempo de lectura\" \/>\n\t<meta name=\"twitter:data1\" content=\"1 minuto\" \/>\n<script type=\"application\/ld+json\" class=\"yoast-schema-graph\">{\"@context\":\"https:\/\/schema.org\",\"@graph\":[{\"@type\":\"WebPage\",\"@id\":\"https:\/\/acisynergy.com\/?page_id=747\",\"url\":\"https:\/\/acisynergy.com\/?page_id=747\",\"name\":\"Certificaciones - Aci Synergy\",\"isPartOf\":{\"@id\":\"https:\/\/acisynergy.com\/#website\"},\"datePublished\":\"2023-06-14T15:26:37+00:00\",\"dateModified\":\"2023-06-24T16:36:09+00:00\",\"description\":\"Certificaciones : Agregamos valor en las organizaciones en los procesos de dise\u00f1o, implementaci\u00f3n y certificaci\u00f3n de Sistemas de Gesti\u00f3n.\",\"breadcrumb\":{\"@id\":\"https:\/\/acisynergy.com\/?page_id=747#breadcrumb\"},\"inLanguage\":\"es-AR\",\"potentialAction\":[{\"@type\":\"ReadAction\",\"target\":[\"https:\/\/acisynergy.com\/?page_id=747\"]}]},{\"@type\":\"BreadcrumbList\",\"@id\":\"https:\/\/acisynergy.com\/?page_id=747#breadcrumb\",\"itemListElement\":[{\"@type\":\"ListItem\",\"position\":1,\"name\":\"Inicio\",\"item\":\"https:\/\/acisynergy.com\/\"},{\"@type\":\"ListItem\",\"position\":2,\"name\":\"Certificaciones\"}]},{\"@type\":\"WebSite\",\"@id\":\"https:\/\/acisynergy.com\/#website\",\"url\":\"https:\/\/acisynergy.com\/\",\"name\":\"acisynergy.com\",\"description\":\"\",\"publisher\":{\"@id\":\"https:\/\/acisynergy.com\/#organization\"},\"potentialAction\":[{\"@type\":\"SearchAction\",\"target\":{\"@type\":\"EntryPoint\",\"urlTemplate\":\"https:\/\/acisynergy.com\/?s={search_term_string}\"},\"query-input\":\"required name=search_term_string\"}],\"inLanguage\":\"es-AR\"},{\"@type\":\"Organization\",\"@id\":\"https:\/\/acisynergy.com\/#organization\",\"name\":\"acisynergy.com\",\"url\":\"https:\/\/acisynergy.com\/\",\"logo\":{\"@type\":\"ImageObject\",\"inLanguage\":\"es-AR\",\"@id\":\"https:\/\/acisynergy.com\/#\/schema\/logo\/image\/\",\"url\":\"https:\/\/acisynergy.com\/wp-content\/uploads\/2023\/06\/Blue-Mountain-Climbers-Logo-1.png\",\"contentUrl\":\"https:\/\/acisynergy.com\/wp-content\/uploads\/2023\/06\/Blue-Mountain-Climbers-Logo-1.png\",\"width\":500,\"height\":322,\"caption\":\"acisynergy.com\"},\"image\":{\"@id\":\"https:\/\/acisynergy.com\/#\/schema\/logo\/image\/\"}}]}<\/script>\n<!-- \/ Yoast SEO plugin. -->","yoast_head_json":{"title":"Certificaciones - Aci Synergy","description":"Certificaciones : Agregamos valor en las organizaciones en los procesos de dise\u00f1o, implementaci\u00f3n y certificaci\u00f3n de Sistemas de Gesti\u00f3n.","robots":{"index":"index","follow":"follow","max-snippet":"max-snippet:-1","max-image-preview":"max-image-preview:large","max-video-preview":"max-video-preview:-1"},"canonical":"https:\/\/acisynergy.com\/?page_id=747","og_locale":"es_ES","og_type":"article","og_title":"Certificaciones - Aci Synergy","og_description":"Certificaciones : Agregamos valor en las organizaciones en los procesos de dise\u00f1o, implementaci\u00f3n y certificaci\u00f3n de Sistemas de Gesti\u00f3n.","og_url":"https:\/\/acisynergy.com\/?page_id=747","og_site_name":"acisynergy.com","article_modified_time":"2023-06-24T16:36:09+00:00","twitter_card":"summary_large_image","twitter_misc":{"Tiempo de lectura":"1 minuto"},"schema":{"@context":"https:\/\/schema.org","@graph":[{"@type":"WebPage","@id":"https:\/\/acisynergy.com\/?page_id=747","url":"https:\/\/acisynergy.com\/?page_id=747","name":"Certificaciones - Aci Synergy","isPartOf":{"@id":"https:\/\/acisynergy.com\/#website"},"datePublished":"2023-06-14T15:26:37+00:00","dateModified":"2023-06-24T16:36:09+00:00","description":"Certificaciones : Agregamos valor en las organizaciones en los procesos de dise\u00f1o, implementaci\u00f3n y certificaci\u00f3n de Sistemas de Gesti\u00f3n.","breadcrumb":{"@id":"https:\/\/acisynergy.com\/?page_id=747#breadcrumb"},"inLanguage":"es-AR","potentialAction":[{"@type":"ReadAction","target":["https:\/\/acisynergy.com\/?page_id=747"]}]},{"@type":"BreadcrumbList","@id":"https:\/\/acisynergy.com\/?page_id=747#breadcrumb","itemListElement":[{"@type":"ListItem","position":1,"name":"Inicio","item":"https:\/\/acisynergy.com\/"},{"@type":"ListItem","position":2,"name":"Certificaciones"}]},{"@type":"WebSite","@id":"https:\/\/acisynergy.com\/#website","url":"https:\/\/acisynergy.com\/","name":"acisynergy.com","description":"","publisher":{"@id":"https:\/\/acisynergy.com\/#organization"},"potentialAction":[{"@type":"SearchAction","target":{"@type":"EntryPoint","urlTemplate":"https:\/\/acisynergy.com\/?s={search_term_string}"},"query-input":"required name=search_term_string"}],"inLanguage":"es-AR"},{"@type":"Organization","@id":"https:\/\/acisynergy.com\/#organization","name":"acisynergy.com","url":"https:\/\/acisynergy.com\/","logo":{"@type":"ImageObject","inLanguage":"es-AR","@id":"https:\/\/acisynergy.com\/#\/schema\/logo\/image\/","url":"https:\/\/acisynergy.com\/wp-content\/uploads\/2023\/06\/Blue-Mountain-Climbers-Logo-1.png","contentUrl":"https:\/\/acisynergy.com\/wp-content\/uploads\/2023\/06\/Blue-Mountain-Climbers-Logo-1.png","width":500,"height":322,"caption":"acisynergy.com"},"image":{"@id":"https:\/\/acisynergy.com\/#\/schema\/logo\/image\/"}}]}},"uagb_featured_image_src":{"full":false,"thumbnail":false,"medium":false,"medium_large":false,"large":false,"1536x1536":false,"2048x2048":false,"mailpoet_newsletter_max":false},"uagb_author_info":{"display_name":"tobiasespana555@gmail.com","author_link":"https:\/\/acisynergy.com\/?author=1"},"uagb_comment_info":0,"uagb_excerpt":"Certificaci\u00f3n Cerificaciones Agregamos valor en las organizaciones en los procesos de dise\u00f1o, implementaci\u00f3n y certificaci\u00f3n de Sistemas de Gesti\u00f3n basado en requerimientos de los est\u00e1ndares internacionales. SOLCITAR M\u00c1S INFORMACI\u00d3N Te invitamos a completar el formulario y en poco tiempo nos pondremos en contacto contigo a trav\u00e9s de los medios de comunicaci\u00f3n que has indicado.","rttpg_featured_image_url":null,"rttpg_author":{"display_name":"tobiasespana555@gmail.com","author_link":"https:\/\/acisynergy.com\/?author=1"},"rttpg_comment":0,"rttpg_category":null,"rttpg_excerpt":"Certificaci\u00f3n Cerificaciones Agregamos valor en las organizaciones en los procesos de dise\u00f1o, implementaci\u00f3n y certificaci\u00f3n de Sistemas de Gesti\u00f3n basado en requerimientos de los est\u00e1ndares internacionales. SOLCITAR M\u00c1S INFORMACI\u00d3N Te invitamos a completar el formulario y en poco tiempo nos pondremos en contacto contigo a trav\u00e9s de los medios de comunicaci\u00f3n que has indicado.","_links":{"self":[{"href":"https:\/\/acisynergy.com\/index.php?rest_route=\/wp\/v2\/pages\/747"}],"collection":[{"href":"https:\/\/acisynergy.com\/index.php?rest_route=\/wp\/v2\/pages"}],"about":[{"href":"https:\/\/acisynergy.com\/index.php?rest_route=\/wp\/v2\/types\/page"}],"author":[{"embeddable":true,"href":"https:\/\/acisynergy.com\/index.php?rest_route=\/wp\/v2\/users\/1"}],"replies":[{"embeddable":true,"href":"https:\/\/acisynergy.com\/index.php?rest_route=%2Fwp%2Fv2%2Fcomments&post=747"}],"version-history":[{"count":20,"href":"https:\/\/acisynergy.com\/index.php?rest_route=\/wp\/v2\/pages\/747\/revisions"}],"predecessor-version":[{"id":1036,"href":"https:\/\/acisynergy.com\/index.php?rest_route=\/wp\/v2\/pages\/747\/revisions\/1036"}],"wp:attachment":[{"href":"https:\/\/acisynergy.com\/index.php?rest_route=%2Fwp%2Fv2%2Fmedia&parent=747"}],"curies":[{"name":"wp","href":"https:\/\/api.w.org\/{rel}","templated":true}]}}